{"id":19,"date":"2014-04-09T14:44:35","date_gmt":"2014-04-09T12:44:35","guid":{"rendered":"http:\/\/parkgrund.de\/Wordpress\/wordpress-3.8.1-de_DE\/wordpress\/?page_id=19"},"modified":"2014-11-21T14:52:35","modified_gmt":"2014-11-21T12:52:35","slug":"vettersstrasse","status":"publish","type":"page","link":"https:\/\/parkgrund.de\/","title":{"rendered":"Vettersstra\u00dfe"},"content":{"rendered":"<h4><span style=\"color: #0f4e84;\"><strong>Mietgaragen und Stellpl\u00e4tze in der Vettersstra\u00dfe in Chemnitz<br \/>\n<\/strong><\/span><\/h4>\n<p><strong><span style=\"color: #0f4e84;\">Stellpl\u00e4tze zu vermieten !<\/span><\/strong><br \/>\n<strong> <span style=\"color: #0f4e84;\"> Garagen zu vermieten !<\/span><\/strong><br \/>\n<span style=\"color: #0f4e84;\"> Die Parkgrund GmbH verwaltet die Gel\u00e4ndestreifen vor den Wohnheimen des Studentenwerks Chemnitz-Zwickau in der Vettersstra\u00dfe in 09126\u00a0Chemnitz-Bernsdorf. Die Gel\u00e4ndestreifen liegen einerseits vor den Wohnheimen mit der Hausnummer 66 bis 72 und andererseits vor den Wohnheimen mit Hausnummer 52 bis 54. Auf den Gel\u00e4ndestreifen befinden sich Reihengaragen und Parkzonen.<br \/>\n<\/span><\/p>\n<p><span style=\"color: #0f4e84;\">Lageplan Vettersstra\u00dfe vor Haus 66-72 :<\/span><\/p>\n<p><a href=\"http:\/\/parkgrund.de\/Wordpress\/wordpress-3.8.1-de_DE\/wordpress\/wp-content\/uploads\/2014\/04\/CHE66u72.jpg\"><img loading=\"lazy\" class=\"alignnone size-large wp-image-89\" src=\"http:\/\/parkgrund.de\/Wordpress\/wordpress-3.8.1-de_DE\/wordpress\/wp-content\/uploads\/2014\/04\/CHE66u72-1024x585.jpg\" alt=\"CHE66u72\" width=\"730\" height=\"417\" srcset=\"https:\/\/parkgrund.de\/Wordpress\/wordpress-3.8.1-de_DE\/wordpress\/wp-content\/uploads\/2014\/04\/CHE66u72-1024x585.jpg 1024w, https:\/\/parkgrund.de\/Wordpress\/wordpress-3.8.1-de_DE\/wordpress\/wp-content\/uploads\/2014\/04\/CHE66u72-300x171.jpg 300w\" sizes=\"(max-width: 730px) 100vw, 730px\" \/><\/a><\/p>\n<p><span style=\"color: #0f4e84;\">\u00a0<\/span><\/p>\n<p><span style=\"color: #0f4e84;\">Lageplan Vettersstra\u00dfe vor Haus 52-54 :<\/span><\/p>\n<p><a href=\"http:\/\/parkgrund.de\/Wordpress\/wordpress-3.8.1-de_DE\/wordpress\/wp-content\/uploads\/2014\/04\/CHE54.jpg\"><img loading=\"lazy\" class=\"alignnone size-large wp-image-88\" src=\"http:\/\/parkgrund.de\/Wordpress\/wordpress-3.8.1-de_DE\/wordpress\/wp-content\/uploads\/2014\/04\/CHE54-1024x621.jpg\" alt=\"CHE54\" width=\"730\" height=\"442\" srcset=\"https:\/\/parkgrund.de\/Wordpress\/wordpress-3.8.1-de_DE\/wordpress\/wp-content\/uploads\/2014\/04\/CHE54-1024x621.jpg 1024w, https:\/\/parkgrund.de\/Wordpress\/wordpress-3.8.1-de_DE\/wordpress\/wp-content\/uploads\/2014\/04\/CHE54-300x182.jpg 300w\" sizes=\"(max-width: 730px) 100vw, 730px\" \/><\/a><\/p>\n<p><span style=\"color: #0f4e84;\">F\u00fcr Informationen zu den freien Garagen und Stellpl\u00e4tzen wenden Sie sich bitte an Matthias Baur,<strong> <a title=\"Kontakt Parkgrund\" href=\"mailto:m.baur@parkgrund.de\">m.baur@parkgrund.de<\/a><\/strong> .\u00a0 <\/span><\/p>\n<p><span style=\"color: #0f4e84;\">\u00a0<\/span><\/p>\n<p><span style=\"color: #0f4e84;\"><strong>Informationen f\u00fcr Mieter<\/strong><\/span><\/p>\n<p><span style=\"color: #0f4e84;\">Hauswart der Anlagen ist Heinrich B\u00e4cher. Hr. B\u00e4cher nimmt unter h.baecher@parkgrund.de alle technischen Anliegen zu Ihrer Garage entgegen.F\u00fcr Fragen zur Mietbuchhaltung wenden Sie sich bitte an Matthias Baur, m.baur@parkgrund.de .<br \/>\n<\/span><\/p>\n<p><span style=\"color: #0f4e84;\">\u00a0<\/span><\/p>\n","protected":false},"excerpt":{"rendered":"<p>Mietgaragen und Stellpl\u00e4tze in der Vettersstra\u00dfe in Chemnitz Stellpl\u00e4tze zu vermieten ! Garagen zu vermieten ! Die Parkgrund GmbH verwaltet die Gel\u00e4ndestreifen vor den Wohnheimen des Studentenwerks Chemnitz-Zwickau in der Vettersstra\u00dfe in 09126\u00a0Chemnitz-Bernsdorf. Die Gel\u00e4ndestreifen liegen einerseits vor den Wohnheimen mit der Hausnummer 66 bis 72 und andererseits vor den Wohnheimen mit Hausnummer 52 bis <a class=\"more-link\" href=\"https:\/\/parkgrund.de\/\">Continue reading <i class=\"fa fa-chevron-right\"><\/i><\/a><\/p>\n","protected":false},"author":1,"featured_media":0,"parent":0,"menu_order":0,"comment_status":"closed","ping_status":"open","template":"page-fullwidth.php","meta":[],"_links":{"self":[{"href":"https:\/\/parkgrund.de\/index.php?rest_route=\/wp\/v2\/pages\/19"}],"collection":[{"href":"https:\/\/parkgrund.de\/index.php?rest_route=\/wp\/v2\/pages"}],"about":[{"href":"https:\/\/parkgrund.de\/index.php?rest_route=\/wp\/v2\/types\/page"}],"author":[{"embeddable":true,"href":"https:\/\/parkgrund.de\/index.php?rest_route=\/wp\/v2\/users\/1"}],"replies":[{"embeddable":true,"href":"https:\/\/parkgrund.de\/index.php?rest_route=%2Fwp%2Fv2%2Fcomments&post=19"}],"version-history":[{"count":20,"href":"https:\/\/parkgrund.de\/index.php?rest_route=\/wp\/v2\/pages\/19\/revisions"}],"predecessor-version":[{"id":131,"href":"https:\/\/parkgrund.de\/index.php?rest_route=\/wp\/v2\/pages\/19\/revisions\/131"}],"wp:attachment":[{"href":"https:\/\/parkgrund.de\/index.php?rest_route=%2Fwp%2Fv2%2Fmedia&parent=19"}],"curies":[{"name":"wp","href":"https:\/\/api.w.org\/{rel}","templated":true}]}}