{"id":2,"date":"2014-04-09T11:30:22","date_gmt":"2014-04-09T11:30:22","guid":{"rendered":"http:\/\/parkgrund.de\/Wordpress\/wordpress-3.8.1-de_DE\/wordpress\/?page_id=2"},"modified":"2014-11-21T11:08:53","modified_gmt":"2014-11-21T09:08:53","slug":"ueber-uns","status":"publish","type":"page","link":"https:\/\/parkgrund.de\/?page_id=2","title":{"rendered":"\u00dcber uns"},"content":{"rendered":"<h4><strong>\u00dcber uns<\/strong><\/h4>\n<p>Wir m\u00f6chten bezahlbaren Mietraum f\u00fcr den ruhenden Verkehr anbieten.<\/p>\n<p>Hausanschrift:<br \/>\nParkgrund GmbH<br \/>\nHessestra\u00dfe 19<br \/>\n14469 Potsdam<\/p>\n<p>Gesch\u00e4ftsf\u00fchrer:<br \/>\nMatthias Baur, m.baur@parkgrund.de<\/p>\n","protected":false},"excerpt":{"rendered":"<p>\u00dcber uns Wir m\u00f6chten bezahlbaren Mietraum f\u00fcr den ruhenden Verkehr anbieten. Hausanschrift: Parkgrund GmbH Hessestra\u00dfe 19 14469 Potsdam Gesch\u00e4ftsf\u00fchrer: Matthias Baur, m.baur@parkgrund.de<\/p>\n","protected":false},"author":1,"featured_media":0,"parent":0,"menu_order":0,"comment_status":"closed","ping_status":"open","template":"page-fullwidth.php","meta":[],"_links":{"self":[{"href":"https:\/\/parkgrund.de\/index.php?rest_route=\/wp\/v2\/pages\/2"}],"collection":[{"href":"https:\/\/parkgrund.de\/index.php?rest_route=\/wp\/v2\/pages"}],"about":[{"href":"https:\/\/parkgrund.de\/index.php?rest_route=\/wp\/v2\/types\/page"}],"author":[{"embeddable":true,"href":"https:\/\/parkgrund.de\/index.php?rest_route=\/wp\/v2\/users\/1"}],"replies":[{"embeddable":true,"href":"https:\/\/parkgrund.de\/index.php?rest_route=%2Fwp%2Fv2%2Fcomments&post=2"}],"version-history":[{"count":13,"href":"https:\/\/parkgrund.de\/index.php?rest_route=\/wp\/v2\/pages\/2\/revisions"}],"predecessor-version":[{"id":129,"href":"https:\/\/parkgrund.de\/index.php?rest_route=\/wp\/v2\/pages\/2\/revisions\/129"}],"wp:attachment":[{"href":"https:\/\/parkgrund.de\/index.php?rest_route=%2Fwp%2Fv2%2Fmedia&parent=2"}],"curies":[{"name":"wp","href":"https:\/\/api.w.org\/{rel}","templated":true}]}}