{"id":93,"date":"2014-05-05T14:45:06","date_gmt":"2014-05-05T12:45:06","guid":{"rendered":"http:\/\/parkgrund.de\/?page_id=93"},"modified":"2014-08-26T10:10:52","modified_gmt":"2014-08-26T08:10:52","slug":"schadensmeldung","status":"publish","type":"page","link":"https:\/\/parkgrund.de\/?page_id=93","title":{"rendered":"Schadensmeldung"},"content":{"rendered":"<h4><strong>Schadensmeldung<\/strong><\/h4>\n<p><!-- Fast Secure Contact Form plugin 4.0.30 - begin - FastSecureContactForm.com --><\/p>\n<div style=\"clear:both;\"><\/div>\n<p>Vielen Dank f\u00fcr Ihre Unterst\u00fctzung unserer Arbeit durch die Onlinemeldung eines Schadens.<br \/>\nSchadensmeldungen werden in der Reihenfolge des Eingangs und der Dringlichkeit bearbeitet.<br \/>\nIhre Telefonnummer und ggf. Emailadresse ben\u00f6tigen wir f\u00fcr R\u00fcckfragen.<\/p>\n<div id=\"FSContact3\" style=\"width:99%; max-width:755px;\">\n<form action=\"https:\/\/parkgrund.de\/index.php?rest_route=%2Fwp%2Fv2%2Fpages%2F93#FSContact3\" id=\"fscf_form3\" method=\"post\">\n<div id=\"fscf_div_clear3_0\" style=\"clear:both;\">\n<div id=\"fscf_div_field3_0\" style=\"clear:left; float:left; width:99%; max-width:550px; margin-right:10px;\">\n<div style=\"clear:both;\"><\/div>\n<p><\/p>\n<p><span style=\"font-weight:bold;font-size:1.5em\">Meldender<\/span><\/p>\n<div style=\"text-align:left; padding-top:5px;\">\n      <label style=\"text-align:left;\" for=\"fscf_name3\">Name, Vorname<\/label>\n    <\/div>\n<div style=\"text-align:left;\">\n      <input style=\"text-align:left; margin:0; width:99%; max-width:550px;\" type=\"text\" id=\"fscf_name3\" name=\"full_name\" value=\"\"  \/>\n    <\/div>\n<\/p><\/div>\n<\/div>\n<div id=\"fscf_div_clear3_1\" style=\"clear:both;\">\n<div id=\"fscf_div_field3_1\" style=\"clear:left; float:left; width:99%; max-width:550px; margin-right:10px;\">\n<div style=\"text-align:left; padding-top:5px;\">\n      <label style=\"text-align:left;\" for=\"fscf_email3\">E-Mail<\/label>\n    <\/div>\n<div style=\"text-align:left;\">\n      <input style=\"text-align:left; margin:0; width:99%; max-width:550px;\" type=\"text\" id=\"fscf_email3\" name=\"email\" value=\"\"  \/>\n    <\/div>\n<\/p><\/div>\n<\/div>\n<div id=\"fscf_div_clear3_2\" style=\"clear:both;\">\n<div id=\"fscf_div_field3_2\" style=\"clear:left; float:left; width:99%; max-width:550px; margin-right:10px;\">\n<div style=\"text-align:left; padding-top:5px;\">\n      <label style=\"text-align:left;\" for=\"fscf_field3_2\">Telefon<\/label>\n    <\/div>\n<div style=\"text-align:left;\">\n      <input style=\"text-align:left; margin:0; width:99%; max-width:550px;\" type=\"text\" id=\"fscf_field3_2\" name=\"subject\" value=\"\"  \/>\n    <\/div>\n<\/p><\/div>\n<\/div>\n<div id=\"fscf_div_clear3_6\" style=\"clear:both;\">\n<div id=\"fscf_div_field3_6\" style=\"clear:left; float:left; width:99%; max-width:550px; margin-right:10px;\">\n<div style=\"clear:both;\"><\/div>\n<p><span style=\"font-weight:bold;font-size:1.5em\">Objekt<\/span><br \/>\n<span style=\"font-weight:bold\"><br \/>\nGarage in der Vettersstra\u00dfe, 09126&nbsp;Chemnitz<br \/>\n<\/span><\/p>\n<div  id=\"fscf_label3_6\" style=\"text-align:left; padding-top:5px;\">\n      <label style=\"text-align:left;\" for=\"fscf_field3_6\">Garagenhof<\/label>\n    <\/div>\n<div style=\"text-align:left;\">\n      <select style=\"text-align:left;\" id=\"fscf_field3_6\" name=\"garagenhof[]\"><option value=\"1\">Garagenhof 54<\/option><option value=\"2\">Garagenhof 66<\/option><option value=\"3\">Garagenhof 72<\/option><\/select>\n    <\/div>\n<\/p><\/div>\n<\/div>\n<div id=\"fscf_div_clear3_8\" style=\"clear:both;\">\n<div id=\"fscf_div_field3_8\" style=\"clear:left; float:left; width:99%; max-width:550px; margin-right:10px;\">      <input type=\"hidden\" name=\"ort\" value=\"\" \/>\n  <\/div>\n<\/div>\n<div id=\"fscf_div_clear3_7\" style=\"clear:both;\">\n<div id=\"fscf_div_field3_7\" style=\"clear:left; float:left; width:99%; max-width:550px; margin-right:10px;\">\n<div  id=\"fscf_label3_7\" style=\"text-align:left; padding-top:5px;\">\n      <label style=\"text-align:left;\" for=\"fscf_field3_7\">Garagennummer<\/label>\n    <\/div>\n<div style=\"text-align:left;\">\n      <input style=\"text-align:left; margin:0; width:99%; max-width:550px;\" type=\"text\" id=\"fscf_field3_7\" name=\"garagennummer\" value=\"\"  \/>\n    <\/div>\n<\/p><\/div>\n<\/div>\n<div id=\"fscf_div_clear3_3\" style=\"clear:both;\">\n<div id=\"fscf_div_field3_3\" style=\"clear:left; float:left; width:99%; max-width:550px; margin-right:10px;\">\n<div style=\"clear:both;\"><\/div>\n<p><\/p>\n<p><span style=\"font-weight:bold;font-size:1.5em\">Schaden<\/span><\/p>\n<div  id=\"fscf_label3_3\" style=\"text-align:left; padding-top:5px;\">\n    <\/div>\n<div style=\"text-align:left; padding-top:5px;\">\n    <\/div>\n<div style=\"text-align:left;\">\n      <textarea style=\"text-align:left; margin:0; width:99%; max-width:800px; height:210px;\" id=\"fscf_field3_3\" name=\"message\" cols=\"30\" rows=\"10\"  placeholder=\"Bitte beschreiben Sie hier den Schaden so genau wie m\u00f6glich.\"><\/textarea>\n    <\/div>\n<\/p><\/div>\n<\/div>\n<div style=\"clear:both;\"><\/div>\n<div style=\"text-align:left; padding-top:5px;\">\n<\/div>\n<div id=\"fscf_captcha_image_div3\" style=\"width:175px; height:50px; padding-top:2px;\">\n      <img id=\"fscf_captcha_image3\" style=\"border-style:none; margin:0; padding:0px; padding-right:5px; float:left;\" src=\"https:\/\/parkgrund.de\/Wordpress\/wordpress-3.8.1-de_DE\/wordpress\/wp-content\/plugins\/si-contact-form\/captcha\/securimage_show.php?ctf_sm_captcha=1&amp;prefix=zE4aDxseLIWJ7Uww\" width=\"132\" height=\"45\" alt=\"CAPTCHA-Bild\" title=\"CAPTCHA-Bild\" \/><br \/>\n      <input id=\"fscf_captcha_prefix3\" type=\"hidden\" name=\"fscf_captcha_prefix3\" value=\"zE4aDxseLIWJ7Uww\" \/><\/p>\n<div id=\"fscf_captcha_refresh3\">\n        <a href=\"#\" rel=\"nofollow\" title=\"Bild aktualisieren\" onclick=\"fscf_captcha_refresh('3','\/Wordpress\/wordpress-3.8.1-de_DE\/wordpress\/wp-content\/plugins\/si-contact-form\/captcha','https:\/\/parkgrund.de\/Wordpress\/wordpress-3.8.1-de_DE\/wordpress\/wp-content\/plugins\/si-contact-form\/captcha\/securimage_show.php?ctf_sm_captcha=1&amp;prefix='); return false;\"><br \/>\n        <img src=\"https:\/\/parkgrund.de\/Wordpress\/wordpress-3.8.1-de_DE\/wordpress\/wp-content\/plugins\/si-contact-form\/captcha\/images\/refresh.png\" width=\"22\" height=\"20\" alt=\"Bild aktualisieren\" style=\"border-style:none; margin:0; margin-left:140px; padding:0px; vertical-align:bottom;\" onclick=\"this.blur();\" \/><\/a>\n     <\/div>\n<\/div>\n<div id=\"fscf_captcha_field3\" style=\"text-align:left; padding-top:5px;\">\n     <label style=\"text-align:left;\" for=\"fscf_captcha_code3\">CAPTCHA Code:<\/label>\n<\/div>\n<div style=\"text-align:left;\">\n     <input style=\"text-align:left; margin:0; width:50px;\" type=\"text\" value=\"\" id=\"fscf_captcha_code3\" name=\"captcha_code\"  \/>\n<\/div>\n<div id=\"fscf_submit_div3\" style=\"text-align:left; clear:both; padding-top:15px;\">\n\t\t<input type=\"submit\" id=\"fscf_submit3\" style=\"cursor:pointer; margin:0;\" value=\"senden\"  onclick=\"this.disabled=true; this.value='Submitting...'; this.form.submit();\" \/>\n<\/div>\n<p><input type=\"hidden\" name=\"fscf_submitted\" value=\"0\" \/><br \/>\n<input type=\"hidden\" name=\"fs_postonce_3\" value=\"6b9f639bbbd9673a34756fe784de84d4,1777669407\" \/><br \/>\n<input type=\"hidden\" name=\"si_contact_action\" value=\"send\" \/><br \/>\n<input type=\"hidden\" name=\"form_id\" value=\"3\" \/><br \/>\n<input type=\"hidden\" name=\"mailto_id\" value=\"1\" \/><\/p>\n<\/form>\n<\/div>\n<div style=\"clear:both;\"><\/div>\n<style type=\"text\/css\">\n<p>\/* Placeholder Style - WebKit browsers - Safari, Chrome *\/\n::-webkit-input-placeholder { opacity:0.6; color:#333333; }<\/p>\n<p>\/* Placeholder Style - Mozilla Firefox 4 - 18 *\/\n:-moz-placeholder { opacity:0.6; color:#333333; }<\/p>\n<p>\/* Placeholder Style - Mozilla Firefox 19+ *\/\n::-moz-placeholder { opacity:0.6; color:#333333; }<\/p>\n<p>\/* Placeholder Style - Internet Explorer 10+ *\/\n:-ms-input-placeholder { opacity:0.6; color:#333333; }<\/p>\n<\/style>\n<p><!-- Fast Secure Contact Form plugin 4.0.30 - end - FastSecureContactForm.com --><\/p>\n","protected":false},"excerpt":{"rendered":"<p>Schadensmeldung<\/p>\n","protected":false},"author":1,"featured_media":0,"parent":0,"menu_order":0,"comment_status":"closed","ping_status":"closed","template":"page-fullwidth.php","meta":[],"_links":{"self":[{"href":"https:\/\/parkgrund.de\/index.php?rest_route=\/wp\/v2\/pages\/93"}],"collection":[{"href":"https:\/\/parkgrund.de\/index.php?rest_route=\/wp\/v2\/pages"}],"about":[{"href":"https:\/\/parkgrund.de\/index.php?rest_route=\/wp\/v2\/types\/page"}],"author":[{"embeddable":true,"href":"https:\/\/parkgrund.de\/index.php?rest_route=\/wp\/v2\/users\/1"}],"replies":[{"embeddable":true,"href":"https:\/\/parkgrund.de\/index.php?rest_route=%2Fwp%2Fv2%2Fcomments&post=93"}],"version-history":[{"count":4,"href":"https:\/\/parkgrund.de\/index.php?rest_route=\/wp\/v2\/pages\/93\/revisions"}],"predecessor-version":[{"id":106,"href":"https:\/\/parkgrund.de\/index.php?rest_route=\/wp\/v2\/pages\/93\/revisions\/106"}],"wp:attachment":[{"href":"https:\/\/parkgrund.de\/index.php?rest_route=%2Fwp%2Fv2%2Fmedia&parent=93"}],"curies":[{"name":"wp","href":"https:\/\/api.w.org\/{rel}","templated":true}]}}